{"id":183,"date":"2024-09-24T11:14:07","date_gmt":"2024-09-24T09:14:07","guid":{"rendered":"https:\/\/festirural.org\/?page_id=183"},"modified":"2024-09-24T11:27:22","modified_gmt":"2024-09-24T09:27:22","slug":"mentions-legales","status":"publish","type":"page","link":"https:\/\/festirural.org\/index.php\/mentions-legales\/","title":{"rendered":"Mentions l\u00e9gales"},"content":{"rendered":"\n<div class=\"wp-block-cover alignfull is-light\" style=\"margin-top:0;margin-bottom:0;padding-top:0px;padding-bottom:80px;min-height:300px;aspect-ratio:unset;\"><span aria-hidden=\"true\" class=\"wp-block-cover__background has-background-dim-0 has-background-dim\" style=\"background-color:#e9ceb0\"><\/span><img decoding=\"async\" class=\"wp-block-cover__image-background wp-image-4206\" alt=\"\" src=\"https:\/\/tyler.com\/wp-content\/uploads\/2023\/12\/surf-banner1.jpg\" style=\"object-position:100% 50%\" data-object-fit=\"cover\" data-object-position=\"100% 50%\"\/><div class=\"wp-block-cover__inner-container is-layout-constrained wp-container-core-cover-is-layout-5f74d8c4 wp-block-cover-is-layout-constrained\">\n<div style=\"height:150px\" aria-hidden=\"true\" class=\"wp-block-spacer\"><\/div>\n\n\n\n<h1 class=\"wp-block-heading has-text-align-center has-text-color has-link-color has-suranna-font-family wp-elements-6194cc9e08932c72c93494dfacee35ed\" style=\"color:#ffffff;font-size:72px;font-style:normal;font-weight:500\">Mentions L\u00e9gales<\/h1>\n<\/div><\/div>\n\n\n\n<h2 class=\"wp-block-heading has-text-align-center has-text-color has-link-color has-suranna-font-family wp-elements-cbf789d967aad43e573c326418f39135\" style=\"color:#000000;font-size:40px;font-style:normal;font-weight:500;letter-spacing:1px\"><\/h2>\n\n\n\n<div class=\"wp-block-cover alignfull is-light\" style=\"padding-top:6rem;padding-bottom:6rem\"><span aria-hidden=\"true\" class=\"wp-block-cover__background has-background-dim-10 has-background-dim\" style=\"background-color:#e27013\"><\/span><div class=\"wp-block-cover__inner-container is-layout-constrained wp-container-core-cover-is-layout-acb5fff3 wp-block-cover-is-layout-constrained\">\n<p class=\"has-text-align-left has-text-color has-link-color wp-elements-bb3c74fd904e0860fdac715094961758\" style=\"color:#000000;font-size:18px\">Mentions l\u00e9gales<br>En vigueur au 24\/09\/2024<\/p>\n\n\n\n<p class=\"has-text-align-left has-text-color has-link-color wp-elements-d0eed08cd0ce95cb52efc9102a8cb00b\" style=\"color:#000000;font-size:18px\"><br>Conform\u00e9ment aux dispositions de la loi n\u00b02004-575 du 21 juin 2004 pour la Confiance en l\u2019\u00e9conomie<br>num\u00e9rique, il est port\u00e9 \u00e0 la connaissance des utilisateurs et visiteurs, ci-apr\u00e8s l&rsquo; \u00ab\u00a0Utilisateur\u00a0\u00bb, du site<br>https:\/\/festirural.org\/ , ci-apr\u00e8s le \u00ab\u00a0Site\u00a0\u00bb, les pr\u00e9sentes mentions l\u00e9gales.<br>La connexion et la navigation sur le Site par l\u2019Utilisateur implique acceptation int\u00e9grale et sans<br>r\u00e9serve des pr\u00e9sentes mentions l\u00e9gales.<br>Ces derni\u00e8res sont accessibles sur le Site \u00e0 la rubrique \u00ab\u00a0Mentions l\u00e9gales\u00a0\u00bb.<br>EDITION DU SITE<br>L&rsquo;\u00e9dition du Site est assur\u00e9e par la soci\u00e9t\u00e9 Chr\u00e9tiens dans le monde rural, Association au capital de<br><strong><em><strong><em>___<\/em><\/strong><\/em><\/strong> euros, immatricul\u00e9e au Registre du Commerce et des Soci\u00e9t\u00e9s de PARIS sous le<br>num\u00e9ro <strong><em><strong><em>___<\/em><\/strong><\/em><\/strong> dont le si\u00e8ge social est situ\u00e9 au 7, rue Paul Lelong, 75002 Paris,<\/p>\n\n\n\n<p class=\"has-text-align-left has-text-color has-link-color wp-elements-d159becb2bf212156f20812d0bc1f1af\" style=\"color:#000000;font-size:18px\">Num\u00e9ro de t\u00e9l\u00e9phone : <strong><em><strong><em>___<\/em><\/strong><\/em><\/strong><br>Adresse e-mail : <strong><em><strong><em>___<\/em><\/strong><\/em><\/strong>.<br>N\u00b0 de TVA intracommunautaire : <strong><em><strong><em>___<\/em><\/strong><\/em><\/strong><br>Directeur de la publication : <strong><em><strong><em>___<\/em><\/strong><\/em><\/strong><br>ci-apr\u00e8s l'\u00a0\u00bbEditeur\u00a0\u00bb.<br>HEBERGEUR<br>L&rsquo;h\u00e9bergeur du Site est la soci\u00e9t\u00e9 wordpress, dont le si\u00e8ge social est situ\u00e9 au <strong><em><strong><em>___<\/em><\/strong><\/em><\/strong> .<br>ACCES AU SITE<br>Le Site est normalement accessible, \u00e0 tout moment, \u00e0 l&rsquo;Utilisateur. Toutefois, l&rsquo;Editeur pourra, \u00e0 tout<br>moment, suspendre, limiter ou interrompre le Site afin de proc\u00e9der, notamment, \u00e0 des mises \u00e0 jour ou<br>des modifications de son contenu. L&rsquo;Editeur ne pourra en aucun cas \u00eatre tenu responsable des<br>cons\u00e9quences \u00e9ventuelles de cette indisponibilit\u00e9 sur les activit\u00e9s de l&rsquo;Utilisateur.<br>COLLECTE DES DONNEES<br>Le Site assure \u00e0 l&rsquo;Utilisateur une collecte et un traitement des donn\u00e9es personnelles dans le respect<br>de la vie priv\u00e9e conform\u00e9ment \u00e0 la loi n\u00b078-17 du 6 janvier 1978 relative \u00e0 l&rsquo;informatique, aux fichiers<br>aux libert\u00e9s et dans le respect de la r\u00e8glementation applicable en mati\u00e8re de traitement des donn\u00e9es<br>\u00e0 caract\u00e8re personnel conform\u00e9ment au r\u00e8glement (UE) 2016\/679 du Parlement europ\u00e9en et du<br>Conseil du 27 avril 2016 (ci-apr\u00e8s, ensemble, la \u00ab\u00a0R\u00e8glementation applicable en mati\u00e8re de<br>protection des Donn\u00e9es \u00e0 caract\u00e8re personnel\u00a0\u00bb).<br>1<br>En vertu de la R\u00e8glementation applicable en mati\u00e8re de protection des Donn\u00e9es \u00e0 caract\u00e8re<br>personnel, l&rsquo;Utilisateur dispose d&rsquo;un droit d&rsquo;acc\u00e8s, de rectification, de suppression et d&rsquo;opposition de<br>ses donn\u00e9es personnelles. L&rsquo;Utilisateur peut exercer ce droit :<br>\uf0b7 par mail \u00e0 l&rsquo;adresse email <strong><em><strong><em>___<\/em><\/strong><\/em><\/strong><br>\uf0b7 depuis le formulaire de contact ;<br>Toute utilisation, reproduction, diffusion, commercialisation, modification de toute ou partie du Site,<br>sans autorisation expresse de l\u2019Editeur est prohib\u00e9e et pourra entra\u00eener des actions et poursuites<br>judiciaires telles que pr\u00e9vues par la r\u00e8glementation en vigueur.<br>Pour plus d\u2019informations, se reporter aux CGU du site https:\/\/festirural.org\/ accessibles depuis la<br>rubrique \u00ab\u00a0CGU\u00a0\u00bb .<br>Pour plus d&rsquo;informations en mati\u00e8re de cookies, se reporter \u00e0 la Charte en mati\u00e8re de cookies du site<br>https:\/\/festirural.org\/ accessible \u00e0 la rubrique \u00ab\u00a0Cookies\u00a0\u00bb<br>R\u00e9dig\u00e9 sur http:\/\/legalplace.fr<\/p>\n<\/div><\/div>\n","protected":false},"excerpt":{"rendered":"","protected":false},"author":1,"featured_media":0,"parent":0,"menu_order":0,"comment_status":"closed","ping_status":"closed","template":"","meta":{"_eb_attr":"","footnotes":""},"class_list":["post-183","page","type-page","status-publish","hentry","entry"],"yoast_head":"<!-- This site is optimized with the Yoast SEO plugin v24.8.1 - https:\/\/yoast.com\/wordpress\/plugins\/seo\/ -->\n<title>Mentions l\u00e9gales - Festi&#039;Rural 2025<\/title>\n<meta name=\"robots\" content=\"index, follow, max-snippet:-1, max-image-preview:large, max-video-preview:-1\" \/>\n<link rel=\"canonical\" href=\"https:\/\/festirural.org\/index.php\/mentions-legales\/\" \/>\n<meta property=\"og:locale\" content=\"fr_FR\" \/>\n<meta property=\"og:type\" content=\"article\" \/>\n<meta property=\"og:title\" content=\"Mentions l\u00e9gales - Festi&#039;Rural 2025\" \/>\n<meta property=\"og:url\" content=\"https:\/\/festirural.org\/index.php\/mentions-legales\/\" \/>\n<meta property=\"og:site_name\" content=\"Festi&#039;Rural 2025\" \/>\n<meta property=\"article:modified_time\" content=\"2024-09-24T09:27:22+00:00\" \/>\n<meta property=\"og:image\" content=\"https:\/\/tyler.com\/wp-content\/uploads\/2023\/12\/surf-banner1.jpg\" \/>\n<meta name=\"twitter:card\" content=\"summary_large_image\" \/>\n<meta name=\"twitter:label1\" content=\"Dur\u00e9e de lecture estim\u00e9e\" \/>\n\t<meta name=\"twitter:data1\" content=\"3 minutes\" \/>\n<script type=\"application\/ld+json\" class=\"yoast-schema-graph\">{\"@context\":\"https:\/\/schema.org\",\"@graph\":[{\"@type\":\"WebPage\",\"@id\":\"https:\/\/festirural.org\/index.php\/mentions-legales\/\",\"url\":\"https:\/\/festirural.org\/index.php\/mentions-legales\/\",\"name\":\"Mentions l\u00e9gales - Festi&#039;Rural 2025\",\"isPartOf\":{\"@id\":\"https:\/\/festirural.org\/#website\"},\"primaryImageOfPage\":{\"@id\":\"https:\/\/festirural.org\/index.php\/mentions-legales\/#primaryimage\"},\"image\":{\"@id\":\"https:\/\/festirural.org\/index.php\/mentions-legales\/#primaryimage\"},\"thumbnailUrl\":\"https:\/\/tyler.com\/wp-content\/uploads\/2023\/12\/surf-banner1.jpg\",\"datePublished\":\"2024-09-24T09:14:07+00:00\",\"dateModified\":\"2024-09-24T09:27:22+00:00\",\"breadcrumb\":{\"@id\":\"https:\/\/festirural.org\/index.php\/mentions-legales\/#breadcrumb\"},\"inLanguage\":\"fr-FR\",\"potentialAction\":[{\"@type\":\"ReadAction\",\"target\":[\"https:\/\/festirural.org\/index.php\/mentions-legales\/\"]}]},{\"@type\":\"ImageObject\",\"inLanguage\":\"fr-FR\",\"@id\":\"https:\/\/festirural.org\/index.php\/mentions-legales\/#primaryimage\",\"url\":\"https:\/\/tyler.com\/wp-content\/uploads\/2023\/12\/surf-banner1.jpg\",\"contentUrl\":\"https:\/\/tyler.com\/wp-content\/uploads\/2023\/12\/surf-banner1.jpg\"},{\"@type\":\"BreadcrumbList\",\"@id\":\"https:\/\/festirural.org\/index.php\/mentions-legales\/#breadcrumb\",\"itemListElement\":[{\"@type\":\"ListItem\",\"position\":1,\"name\":\"Accueil\",\"item\":\"https:\/\/festirural.org\/\"},{\"@type\":\"ListItem\",\"position\":2,\"name\":\"Mentions l\u00e9gales\"}]},{\"@type\":\"WebSite\",\"@id\":\"https:\/\/festirural.org\/#website\",\"url\":\"https:\/\/festirural.org\/\",\"name\":\"Festi&#039;Rural 2025\",\"description\":\"Le Lioran - Cantal\",\"publisher\":{\"@id\":\"https:\/\/festirural.org\/#organization\"},\"potentialAction\":[{\"@type\":\"SearchAction\",\"target\":{\"@type\":\"EntryPoint\",\"urlTemplate\":\"https:\/\/festirural.org\/?s={search_term_string}\"},\"query-input\":{\"@type\":\"PropertyValueSpecification\",\"valueRequired\":true,\"valueName\":\"search_term_string\"}}],\"inLanguage\":\"fr-FR\"},{\"@type\":\"Organization\",\"@id\":\"https:\/\/festirural.org\/#organization\",\"name\":\"Festi&#039;Rural 2025\",\"url\":\"https:\/\/festirural.org\/\",\"logo\":{\"@type\":\"ImageObject\",\"inLanguage\":\"fr-FR\",\"@id\":\"https:\/\/festirural.org\/#\/schema\/logo\/image\/\",\"url\":\"https:\/\/festirural.org\/wp-content\/uploads\/2024\/09\/cropped-cropped-2024-06-21_16h16_46-removebg-preview.png\",\"contentUrl\":\"https:\/\/festirural.org\/wp-content\/uploads\/2024\/09\/cropped-cropped-2024-06-21_16h16_46-removebg-preview.png\",\"width\":571,\"height\":428,\"caption\":\"Festi&#039;Rural 2025\"},\"image\":{\"@id\":\"https:\/\/festirural.org\/#\/schema\/logo\/image\/\"}}]}<\/script>\n<!-- \/ Yoast SEO plugin. -->","yoast_head_json":{"title":"Mentions l\u00e9gales - Festi&#039;Rural 2025","robots":{"index":"index","follow":"follow","max-snippet":"max-snippet:-1","max-image-preview":"max-image-preview:large","max-video-preview":"max-video-preview:-1"},"canonical":"https:\/\/festirural.org\/index.php\/mentions-legales\/","og_locale":"fr_FR","og_type":"article","og_title":"Mentions l\u00e9gales - Festi&#039;Rural 2025","og_url":"https:\/\/festirural.org\/index.php\/mentions-legales\/","og_site_name":"Festi&#039;Rural 2025","article_modified_time":"2024-09-24T09:27:22+00:00","og_image":[{"url":"https:\/\/tyler.com\/wp-content\/uploads\/2023\/12\/surf-banner1.jpg","type":"","width":"","height":""}],"twitter_card":"summary_large_image","twitter_misc":{"Dur\u00e9e de lecture estim\u00e9e":"3 minutes"},"schema":{"@context":"https:\/\/schema.org","@graph":[{"@type":"WebPage","@id":"https:\/\/festirural.org\/index.php\/mentions-legales\/","url":"https:\/\/festirural.org\/index.php\/mentions-legales\/","name":"Mentions l\u00e9gales - Festi&#039;Rural 2025","isPartOf":{"@id":"https:\/\/festirural.org\/#website"},"primaryImageOfPage":{"@id":"https:\/\/festirural.org\/index.php\/mentions-legales\/#primaryimage"},"image":{"@id":"https:\/\/festirural.org\/index.php\/mentions-legales\/#primaryimage"},"thumbnailUrl":"https:\/\/tyler.com\/wp-content\/uploads\/2023\/12\/surf-banner1.jpg","datePublished":"2024-09-24T09:14:07+00:00","dateModified":"2024-09-24T09:27:22+00:00","breadcrumb":{"@id":"https:\/\/festirural.org\/index.php\/mentions-legales\/#breadcrumb"},"inLanguage":"fr-FR","potentialAction":[{"@type":"ReadAction","target":["https:\/\/festirural.org\/index.php\/mentions-legales\/"]}]},{"@type":"ImageObject","inLanguage":"fr-FR","@id":"https:\/\/festirural.org\/index.php\/mentions-legales\/#primaryimage","url":"https:\/\/tyler.com\/wp-content\/uploads\/2023\/12\/surf-banner1.jpg","contentUrl":"https:\/\/tyler.com\/wp-content\/uploads\/2023\/12\/surf-banner1.jpg"},{"@type":"BreadcrumbList","@id":"https:\/\/festirural.org\/index.php\/mentions-legales\/#breadcrumb","itemListElement":[{"@type":"ListItem","position":1,"name":"Accueil","item":"https:\/\/festirural.org\/"},{"@type":"ListItem","position":2,"name":"Mentions l\u00e9gales"}]},{"@type":"WebSite","@id":"https:\/\/festirural.org\/#website","url":"https:\/\/festirural.org\/","name":"Festi&#039;Rural 2025","description":"Le Lioran - Cantal","publisher":{"@id":"https:\/\/festirural.org\/#organization"},"potentialAction":[{"@type":"SearchAction","target":{"@type":"EntryPoint","urlTemplate":"https:\/\/festirural.org\/?s={search_term_string}"},"query-input":{"@type":"PropertyValueSpecification","valueRequired":true,"valueName":"search_term_string"}}],"inLanguage":"fr-FR"},{"@type":"Organization","@id":"https:\/\/festirural.org\/#organization","name":"Festi&#039;Rural 2025","url":"https:\/\/festirural.org\/","logo":{"@type":"ImageObject","inLanguage":"fr-FR","@id":"https:\/\/festirural.org\/#\/schema\/logo\/image\/","url":"https:\/\/festirural.org\/wp-content\/uploads\/2024\/09\/cropped-cropped-2024-06-21_16h16_46-removebg-preview.png","contentUrl":"https:\/\/festirural.org\/wp-content\/uploads\/2024\/09\/cropped-cropped-2024-06-21_16h16_46-removebg-preview.png","width":571,"height":428,"caption":"Festi&#039;Rural 2025"},"image":{"@id":"https:\/\/festirural.org\/#\/schema\/logo\/image\/"}}]}},"_links":{"self":[{"href":"https:\/\/festirural.org\/index.php\/wp-json\/wp\/v2\/pages\/183","targetHints":{"allow":["GET"]}}],"collection":[{"href":"https:\/\/festirural.org\/index.php\/wp-json\/wp\/v2\/pages"}],"about":[{"href":"https:\/\/festirural.org\/index.php\/wp-json\/wp\/v2\/types\/page"}],"author":[{"embeddable":true,"href":"https:\/\/festirural.org\/index.php\/wp-json\/wp\/v2\/users\/1"}],"replies":[{"embeddable":true,"href":"https:\/\/festirural.org\/index.php\/wp-json\/wp\/v2\/comments?post=183"}],"version-history":[{"count":3,"href":"https:\/\/festirural.org\/index.php\/wp-json\/wp\/v2\/pages\/183\/revisions"}],"predecessor-version":[{"id":190,"href":"https:\/\/festirural.org\/index.php\/wp-json\/wp\/v2\/pages\/183\/revisions\/190"}],"wp:attachment":[{"href":"https:\/\/festirural.org\/index.php\/wp-json\/wp\/v2\/media?parent=183"}],"curies":[{"name":"wp","href":"https:\/\/api.w.org\/{rel}","templated":true}]}}